{"id":65,"date":"2025-06-10T18:33:13","date_gmt":"2025-06-10T18:33:13","guid":{"rendered":"https:\/\/boltek.com.mx\/?page_id=65"},"modified":"2026-01-06T22:00:04","modified_gmt":"2026-01-06T22:00:04","slug":"sustentabilidad","status":"publish","type":"page","link":"https:\/\/ysdistribuidora.com\/?page_id=65","title":{"rendered":"Sustentabilidad"},"content":{"rendered":"\t\t<div data-elementor-type=\"wp-page\" data-elementor-id=\"65\" class=\"elementor elementor-65\">\n\t\t\t\t<div class=\"elementor-element elementor-element-1d34401 e-flex e-con-boxed e-con e-parent\" data-id=\"1d34401\" data-element_type=\"container\" data-settings=\"{&quot;background_background&quot;:&quot;classic&quot;}\">\n\t\t\t\t\t<div class=\"e-con-inner\">\n\t\t<div class=\"elementor-element elementor-element-d8d50d4 e-con-full e-flex e-con e-child\" data-id=\"d8d50d4\" data-element_type=\"container\">\n\t\t\t\t<div class=\"elementor-element elementor-element-52fb512 elementor-widget elementor-widget-heading\" data-id=\"52fb512\" data-element_type=\"widget\" data-widget_type=\"heading.default\">\n\t\t\t\t\t<h2 class=\"elementor-heading-title elementor-size-default\">Sustentabilidad<\/h2>\t\t\t\t<\/div>\n\t\t\t\t<div class=\"elementor-element elementor-element-60c36fd elementor-widget elementor-widget-text-editor\" data-id=\"60c36fd\" data-element_type=\"widget\" data-widget_type=\"text-editor.default\">\n\t\t\t\t\t\t\t\t\t<p><strong>En YS, cumplimos con las regulaciones ambientales en los estados donde operamos,<\/strong><br \/><span style=\"color: #000000;\"><strong><span style=\"white-space-collapse: preserve;\">cumplimos con las regulaciones ambientales alineando nuestras pr\u00e1cticas con las leyes locales que proh\u00edben o restringen el uso de bolsas pl\u00e1sticas de un solo uso.<\/span><\/strong><\/span><\/p>\t\t\t\t\t\t\t\t<\/div>\n\t\t\t\t<div class=\"elementor-element elementor-element-cdec3df elementor-widget elementor-widget-button\" data-id=\"cdec3df\" data-element_type=\"widget\" data-widget_type=\"button.default\">\n\t\t\t\t\t\t\t\t\t\t<a class=\"elementor-button elementor-button-link elementor-size-sm\" href=\"https:\/\/api.whatsapp.com\/send\/?phone=5215543186255&#038;text=Hola%2C+quiero+chatear+con+alguien&#038;type=phone_number&#038;app_absent=0\">\n\t\t\t\t\t\t<span class=\"elementor-button-content-wrapper\">\n\t\t\t\t\t\t\t\t\t<span class=\"elementor-button-text\">Cont\u00e1ctanos<\/span>\n\t\t\t\t\t<\/span>\n\t\t\t\t\t<\/a>\n\t\t\t\t\t\t\t\t<\/div>\n\t\t\t\t<\/div>\n\t\t<div class=\"elementor-element elementor-element-bf498c2 e-con-full e-flex e-con e-child\" data-id=\"bf498c2\" data-element_type=\"container\">\n\t\t\t\t<div class=\"elementor-element elementor-element-78a3821 elementor-widget elementor-widget-image\" data-id=\"78a3821\" data-element_type=\"widget\" data-widget_type=\"image.default\">\n\t\t\t\t\t\t\t\t\t\t\t\t\t\t\t<img fetchpriority=\"high\" decoding=\"async\" width=\"391\" height=\"280\" src=\"https:\/\/ysdistribuidora.com\/wp-content\/uploads\/2025\/06\/Hero-Home.webp\" class=\"attachment-large size-large wp-image-20\" alt=\"\" srcset=\"https:\/\/ysdistribuidora.com\/wp-content\/uploads\/2025\/06\/Hero-Home.webp 391w, https:\/\/ysdistribuidora.com\/wp-content\/uploads\/2025\/06\/Hero-Home-300x215.webp 300w\" sizes=\"(max-width: 391px) 100vw, 391px\" \/>\t\t\t\t\t\t\t\t\t\t\t\t\t\t\t<\/div>\n\t\t\t\t<\/div>\n\t\t\t\t\t<\/div>\n\t\t\t\t<\/div>\n\t\t<div class=\"elementor-element elementor-element-7cb8e97 e-flex e-con-boxed e-con e-parent\" data-id=\"7cb8e97\" data-element_type=\"container\">\n\t\t\t\t\t<div class=\"e-con-inner\">\n\t\t\t\t<div class=\"elementor-element elementor-element-95d1979 elementor-widget elementor-widget-text-editor\" data-id=\"95d1979\" data-element_type=\"widget\" data-widget_type=\"text-editor.default\">\n\t\t\t\t\t\t\t\t\t<p style=\"text-align: center;\"><strong>A continuaci\u00f3n, te compartimos un resumen de lo permitido por Estado:<\/strong><\/p>\t\t\t\t\t\t\t\t<\/div>\n\t\t\t\t\t<\/div>\n\t\t\t\t<\/div>\n\t\t<div class=\"elementor-element elementor-element-5b1b530 e-flex e-con-boxed e-con e-parent\" data-id=\"5b1b530\" data-element_type=\"container\">\n\t\t\t\t\t<div class=\"e-con-inner\">\n\t\t<div class=\"elementor-element elementor-element-cad6524 e-con-full e-flex e-con e-child\" data-id=\"cad6524\" data-element_type=\"container\">\n\t\t\t\t<div class=\"elementor-element elementor-element-a546699 elementor-widget elementor-widget-text-editor\" data-id=\"a546699\" data-element_type=\"widget\" data-widget_type=\"text-editor.default\">\n\t\t\t\t\t\t\t\t\t<p><strong>Ciudad de M\u00e9xico<\/strong><br \/><span style=\"color: #598a04;\">Ley de Residuos S\u00f3lidos de la CDMX (desde 2020)<\/span><br \/>Solo se permiten bolsas compostables certificadas o 100% recicladas y reutilizables.<\/p><p><strong>Estado de M\u00e9xico<\/strong><br \/><span style=\"color: #598a04;\">Ley de Residuos S\u00f3lidos del Estado de M\u00e9xico.<\/span><br \/>Permitidas \u00fanicamente bolsas reutilizables o compostables. Prohibidas las no reciclables.<\/p><p><strong>Oaxaca<\/strong><br \/><span style=\"color: #598a04;\">Ley de Prevenci\u00f3n y Gesti\u00f3n Integral de los Residuos S\u00f3lidos (desde 2019)<\/span><br \/>Permitidas bolsas con al menos 30% de material reciclado o que se degraden r\u00e1pidamente.<\/p><p><strong>San Luis Potos\u00ed<\/strong><br \/><span style=\"color: #598a04;\">Ley Ambiental del Estado de San Luis Potos\u00ed (reforma de 2020)<\/span><br \/>Solo se permiten bolsas reutilizables, compostables o biodegradables certificadas.<\/p>\t\t\t\t\t\t\t\t<\/div>\n\t\t\t\t<\/div>\n\t\t<div class=\"elementor-element elementor-element-5c1fb99 e-con-full e-flex e-con e-child\" data-id=\"5c1fb99\" data-element_type=\"container\">\n\t\t\t\t<div class=\"elementor-element elementor-element-4a92b7d elementor-widget elementor-widget-image\" data-id=\"4a92b7d\" data-element_type=\"widget\" data-widget_type=\"image.default\">\n\t\t\t\t\t\t\t\t\t\t\t\t\t\t\t<img decoding=\"async\" width=\"703\" height=\"411\" src=\"https:\/\/ysdistribuidora.com\/wp-content\/uploads\/2025\/06\/Mexico.webp\" class=\"attachment-large size-large wp-image-130\" alt=\"\" srcset=\"https:\/\/ysdistribuidora.com\/wp-content\/uploads\/2025\/06\/Mexico.webp 703w, https:\/\/ysdistribuidora.com\/wp-content\/uploads\/2025\/06\/Mexico-300x175.webp 300w\" sizes=\"(max-width: 703px) 100vw, 703px\" \/>\t\t\t\t\t\t\t\t\t\t\t\t\t\t\t<\/div>\n\t\t\t\t<\/div>\n\t\t\t\t\t<\/div>\n\t\t\t\t<\/div>\n\t\t<div class=\"elementor-element elementor-element-165561a e-flex e-con-boxed e-con e-parent\" data-id=\"165561a\" data-element_type=\"container\" data-settings=\"{&quot;background_background&quot;:&quot;classic&quot;}\">\n\t\t\t\t\t<div class=\"e-con-inner\">\n\t\t<div class=\"elementor-element elementor-element-83cccdd e-con-full e-flex e-con e-child\" data-id=\"83cccdd\" data-element_type=\"container\">\n\t\t\t\t<div class=\"elementor-element elementor-element-06949f2 elementor-widget elementor-widget-text-editor\" data-id=\"06949f2\" data-element_type=\"widget\" data-widget_type=\"text-editor.default\">\n\t\t\t\t\t\t\t\t\t<p><strong>Jalisco<\/strong><br \/><span style=\"color: #598a04;\">Ley Estatal de Equilibrio Ecol\u00f3gico y Protecci\u00f3n al Ambiente (desde 2020)<\/span><br \/>Prohibidas las bolsas de un solo uso; se exigen alternativas sostenibles.<\/p><p><strong>Quer\u00e9taro<\/strong><br \/><span style=\"color: #598a04;\">Ley para la Prevenci\u00f3n y Gesti\u00f3n Integral de Residuos (desde 2020)<\/span><br \/>Permitidas bolsas compostables o reutilizables en comercios y servicios de alimentos.<\/p><p><strong>Nuevo Le\u00f3n<\/strong><br \/><span style=\"color: #598a04;\">Ley Ambiental del Estado de Nuevo Le\u00f3n (desde 2018)\u2028<\/span>Permitidas bolsas con m\u00ednimo 30% de reciclado y que cumplan normas de biodegradabilidad.<\/p>\t\t\t\t\t\t\t\t<\/div>\n\t\t\t\t<\/div>\n\t\t<div class=\"elementor-element elementor-element-bb04769 e-con-full e-flex e-con e-child\" data-id=\"bb04769\" data-element_type=\"container\">\n\t\t\t\t<div class=\"elementor-element elementor-element-ed6d6d2 elementor-widget elementor-widget-text-editor\" data-id=\"ed6d6d2\" data-element_type=\"widget\" data-widget_type=\"text-editor.default\">\n\t\t\t\t\t\t\t\t\t<p><strong>Veracruz<\/strong><br \/><span style=\"color: #598a04;\">Ley de Prevenci\u00f3n y Gesti\u00f3n Integral de Residuos S\u00f3lidos (desde 2018)<\/span><br \/>Permitidas bolsas con al menos 30% de reciclado, bajo criterios de producci\u00f3n sustentable.<\/p><p><strong>Yucat\u00e1n<\/strong><br \/><span style=\"color: #598a04;\">Ley para la Gesti\u00f3n Integral de los Residuos (desde 2019)<br \/><\/span>Permitidas bolsas con 30% de material reciclado o de degradaci\u00f3n r\u00e1pida.<\/p><p><strong>Baja California<\/strong><br \/><span style=\"color: #598a04;\">Ley de Prevenci\u00f3n, Gesti\u00f3n Integral y Econom\u00eda Circular de los Residuos<\/span><br \/>No hay prohibici\u00f3n total, pero se promueve el uso de bolsas retornables y biodegradables.<\/p>\t\t\t\t\t\t\t\t<\/div>\n\t\t\t\t<\/div>\n\t\t\t\t\t<\/div>\n\t\t\t\t<\/div>\n\t\t<div class=\"elementor-element elementor-element-3ab73a2 e-flex e-con-boxed e-con e-parent\" data-id=\"3ab73a2\" data-element_type=\"container\" data-settings=\"{&quot;background_background&quot;:&quot;classic&quot;}\">\n\t\t\t\t\t<div class=\"e-con-inner\">\n\t\t<div class=\"elementor-element elementor-element-3f9a638 e-con-full e-flex e-con e-child\" data-id=\"3f9a638\" data-element_type=\"container\">\n\t\t\t\t<div class=\"elementor-element elementor-element-8cfe3d1 elementor-widget elementor-widget-text-editor\" data-id=\"8cfe3d1\" data-element_type=\"widget\" data-widget_type=\"text-editor.default\">\n\t\t\t\t\t\t\t\t\t<p><strong>Otros Estados<\/strong><br \/><span style=\"color: #598a04;\">Como Tabasco, Sonora, Durango, Nayarit, Colima, Hidalgo, Morelos y Zacatecas<\/span> tambi\u00e9n han implementado restricciones similares, promoviendo el uso de bolsas reutilizables, biodegradables o compostables.<\/p><p><span style=\"color: #2e6bba;\"><strong>En YS creemos en el desarrollo sustentable y en hacer las cosas bien. Por eso, actuamos con responsabilidad social y ambiental, alineando nuestras operaciones con la legislaci\u00f3n vigente y promoviendo un futuro m\u00e1s limpio para todos.<\/strong><\/span><\/p>\t\t\t\t\t\t\t\t<\/div>\n\t\t\t\t<\/div>\n\t\t\t\t\t<\/div>\n\t\t\t\t<\/div>\n\t\t<div class=\"elementor-element elementor-element-d8ac61d e-flex e-con-boxed e-con e-parent\" data-id=\"d8ac61d\" data-element_type=\"container\" data-settings=\"{&quot;background_background&quot;:&quot;classic&quot;}\">\n\t\t\t\t\t<div class=\"e-con-inner\">\n\t\t<div class=\"elementor-element elementor-element-42b1661 e-con-full e-flex e-con e-child\" data-id=\"42b1661\" data-element_type=\"container\">\n\t\t\t\t<div class=\"elementor-element elementor-element-e5a08cf elementor-widget elementor-widget-text-editor\" data-id=\"e5a08cf\" data-element_type=\"widget\" data-widget_type=\"text-editor.default\">\n\t\t\t\t\t\t\t\t\t<p>Cotiza tu pedido<\/p>\t\t\t\t\t\t\t\t<\/div>\n\t\t\t\t<div class=\"elementor-element elementor-element-ceb0fed elementor-widget elementor-widget-text-editor\" data-id=\"ceb0fed\" data-element_type=\"widget\" data-widget_type=\"text-editor.default\">\n\t\t\t\t\t\t\t\t\t<p>hola@ysdistribuidora.com<\/p>\t\t\t\t\t\t\t\t<\/div>\n\t\t\t\t<\/div>\n\t\t<div class=\"elementor-element elementor-element-2b6f9c0 e-con-full e-flex e-con e-child\" data-id=\"2b6f9c0\" data-element_type=\"container\" data-settings=\"{&quot;background_background&quot;:&quot;classic&quot;}\">\n\t\t\t\t<div class=\"elementor-element elementor-element-ea22d21 elementor-widget elementor-widget-text-editor\" data-id=\"ea22d21\" data-element_type=\"widget\" data-widget_type=\"text-editor.default\">\n\t\t\t\t\t\t\t\t\t<p><strong>Nuestra planta<\/strong><br \/><strong>Calle Uno, No. 32, bodega 5, Parque Industrial Canacintra, C.P. 42186, Mineral de la Reforma, Estado de Hidalgo<\/strong><\/p>\t\t\t\t\t\t\t\t<\/div>\n\t\t\t\t<div class=\"elementor-element elementor-element-1d69adb elementor-widget elementor-widget-google_maps\" data-id=\"1d69adb\" data-element_type=\"widget\" data-widget_type=\"google_maps.default\">\n\t\t\t\t\t\t\t<div class=\"elementor-custom-embed\">\n\t\t\t<iframe loading=\"lazy\"\n\t\t\t\t\tsrc=\"https:\/\/maps.google.com\/maps?q=Calle%20Uno%2C%20No.%2032%2C%20bodega%205%2C%20Parque%20Industrial%20Canacintra%2C%20C.P.%2042186%2C%20Mineral%20de%20la%20Reforma%2C%20Estado%20de%20Hidalgo&#038;t=m&#038;z=15&#038;output=embed&#038;iwloc=near\"\n\t\t\t\t\ttitle=\"Calle Uno, No. 32, bodega 5, Parque Industrial Canacintra, C.P. 42186, Mineral de la Reforma, Estado de Hidalgo\"\n\t\t\t\t\taria-label=\"Calle Uno, No. 32, bodega 5, Parque Industrial Canacintra, C.P. 42186, Mineral de la Reforma, Estado de Hidalgo\"\n\t\t\t><\/iframe>\n\t\t<\/div>\n\t\t\t\t\t\t<\/div>\n\t\t\t\t<\/div>\n\t\t\t\t\t<\/div>\n\t\t\t\t<\/div>\n\t\t\t\t<\/div>\n\t\t","protected":false},"excerpt":{"rendered":"<p>Sustentabilidad En YS, cumplimos con las regulaciones ambientales en los estados donde operamos,cumplimos con las regulaciones ambientales alineando nuestras pr\u00e1cticas [&hellip;]<\/p>\n","protected":false},"author":1,"featured_media":0,"parent":0,"menu_order":0,"comment_status":"closed","ping_status":"closed","template":"","meta":{"site-sidebar-layout":"no-sidebar","site-content-layout":"","ast-site-content-layout":"full-width-container","site-content-style":"default","site-sidebar-style":"default","ast-global-header-display":"","ast-banner-title-visibility":"","ast-main-header-display":"","ast-hfb-above-header-display":"","ast-hfb-below-header-display":"","ast-hfb-mobile-header-display":"","site-post-title":"disabled","ast-breadcrumbs-content":"","ast-featured-img":"disabled","footer-sml-layout":"","ast-disable-related-posts":"","theme-transparent-header-meta":"","adv-header-id-meta":"","stick-header-meta":"","header-above-stick-meta":"","header-main-stick-meta":"","header-below-stick-meta":"","astra-migrate-meta-layouts":"default","ast-page-background-enabled":"default","ast-page-background-meta":{"desktop":{"background-color":"var(--ast-global-color-5)","background-image":"","background-repeat":"repeat","background-position":"center center","background-size":"auto","background-attachment":"scroll","background-type":"","background-media":"","overlay-type":"","overlay-color":"","overlay-opacity":"","overlay-gradient":""},"tablet":{"background-color":"","background-image":"","background-repeat":"repeat","background-position":"center center","background-size":"auto","background-attachment":"scroll","background-type":"","background-media":"","overlay-type":"","overlay-color":"","overlay-opacity":"","overlay-gradient":""},"mobile":{"background-color":"","background-image":"","background-repeat":"repeat","background-position":"center center","background-size":"auto","background-attachment":"scroll","background-type":"","background-media":"","overlay-type":"","overlay-color":"","overlay-opacity":"","overlay-gradient":""}},"ast-content-background-meta":{"desktop":{"background-color":"var(--ast-global-color-4)","background-image":"","background-repeat":"repeat","background-position":"center center","background-size":"auto","background-attachment":"scroll","background-type":"","background-media":"","overlay-type":"","overlay-color":"","overlay-opacity":"","overlay-gradient":""},"tablet":{"background-color":"var(--ast-global-color-4)","background-image":"","background-repeat":"repeat","background-position":"center center","background-size":"auto","background-attachment":"scroll","background-type":"","background-media":"","overlay-type":"","overlay-color":"","overlay-opacity":"","overlay-gradient":""},"mobile":{"background-color":"var(--ast-global-color-4)","background-image":"","background-repeat":"repeat","background-position":"center center","background-size":"auto","background-attachment":"scroll","background-type":"","background-media":"","overlay-type":"","overlay-color":"","overlay-opacity":"","overlay-gradient":""}},"footnotes":""},"class_list":["post-65","page","type-page","status-publish","hentry"],"_links":{"self":[{"href":"https:\/\/ysdistribuidora.com\/index.php?rest_route=\/wp\/v2\/pages\/65","targetHints":{"allow":["GET"]}}],"collection":[{"href":"https:\/\/ysdistribuidora.com\/index.php?rest_route=\/wp\/v2\/pages"}],"about":[{"href":"https:\/\/ysdistribuidora.com\/index.php?rest_route=\/wp\/v2\/types\/page"}],"author":[{"embeddable":true,"href":"https:\/\/ysdistribuidora.com\/index.php?rest_route=\/wp\/v2\/users\/1"}],"replies":[{"embeddable":true,"href":"https:\/\/ysdistribuidora.com\/index.php?rest_route=%2Fwp%2Fv2%2Fcomments&post=65"}],"version-history":[{"count":7,"href":"https:\/\/ysdistribuidora.com\/index.php?rest_route=\/wp\/v2\/pages\/65\/revisions"}],"predecessor-version":[{"id":232,"href":"https:\/\/ysdistribuidora.com\/index.php?rest_route=\/wp\/v2\/pages\/65\/revisions\/232"}],"wp:attachment":[{"href":"https:\/\/ysdistribuidora.com\/index.php?rest_route=%2Fwp%2Fv2%2Fmedia&parent=65"}],"curies":[{"name":"wp","href":"https:\/\/api.w.org\/{rel}","templated":true}]}}