{"id":111,"date":"2025-06-05T16:40:13","date_gmt":"2025-06-05T16:40:13","guid":{"rendered":"https:\/\/boltek.com.mx\/?page_id=3"},"modified":"2025-12-22T21:52:51","modified_gmt":"2025-12-22T21:52:51","slug":"politica-privacidad","status":"publish","type":"page","link":"https:\/\/ysdistribuidora.com\/?page_id=111","title":{"rendered":"Aviso de privacidad"},"content":{"rendered":"\n<p>YS DISTRIBUIDORA S.A. DE C.V. con domicilio en calle Uno, No. 132, bodega 5, Parque Industrial Canacintra, C.P. 42186, Mineral de la Reforma, Estado de Hidalgo, tel\u00e9fono (771) 108 1564, manifiesta ser la responsable del manejo de los datos personales que le han sido solicitados, con la finalidad de proveer los servicios o productos que comercializa, informarle sobre cambios en los mismos, evaluar la calidad de nuestros productos, para identificaci\u00f3n, cr\u00e9ditos, pagos y facturaci\u00f3n, respetando en todo momento lo estipulado por la Ley Federal de Protecci\u00f3n de Datos Personales en Posesi\u00f3n de los Particulares. Usted podr\u00e1 ejercer sus derechos de Acceso, Rectificaci\u00f3n,<\/p>\n\n\n\n<p>Cancelaci\u00f3n y Oposici\u00f3n al tratamiento de sus datos personales enviando por escrito su solicitud al \u201cEncargado de la Protecci\u00f3n de Datos Personales\u201d a nuestro correo electr\u00f3nico: datospersonales@ysdistribuidora.com Puede consultar el texto completo de nuestro aviso de privacidad, as\u00ed como sus modificaciones en nuestra p\u00e1gina de internet: www.ysdistribuidora.com<\/p>\n\n\n\n<p>Fecha de la \u00faltima actualizaci\u00f3n: 5 de enero de 2025<\/p>\n\n\n\n<p><\/p>\n","protected":false},"excerpt":{"rendered":"<p>YS DISTRIBUIDORA S.A. DE C.V. con domicilio en calle Uno, No. 132, bodega 5, Parque Industrial Canacintra, C.P. 42186, Mineral [&hellip;]<\/p>\n","protected":false},"author":1,"featured_media":0,"parent":0,"menu_order":0,"comment_status":"closed","ping_status":"closed","template":"","meta":{"site-sidebar-layout":"default","site-content-layout":"","ast-site-content-layout":"default","site-content-style":"default","site-sidebar-style":"default","ast-global-header-display":"","ast-banner-title-visibility":"","ast-main-header-display":"","ast-hfb-above-header-display":"","ast-hfb-below-header-display":"","ast-hfb-mobile-header-display":"","site-post-title":"","ast-breadcrumbs-content":"","ast-featured-img":"","footer-sml-layout":"","ast-disable-related-posts":"","theme-transparent-header-meta":"","adv-header-id-meta":"","stick-header-meta":"","header-above-stick-meta":"","header-main-stick-meta":"","header-below-stick-meta":"","astra-migrate-meta-layouts":"default","ast-page-background-enabled":"default","ast-page-background-meta":{"desktop":{"background-color":"var(--ast-global-color-5)","background-image":"","background-repeat":"repeat","background-position":"center center","background-size":"auto","background-attachment":"scroll","background-type":"","background-media":"","overlay-type":"","overlay-color":"","overlay-opacity":"","overlay-gradient":""},"tablet":{"background-color":"","background-image":"","background-repeat":"repeat","background-position":"center center","background-size":"auto","background-attachment":"scroll","background-type":"","background-media":"","overlay-type":"","overlay-color":"","overlay-opacity":"","overlay-gradient":""},"mobile":{"background-color":"","background-image":"","background-repeat":"repeat","background-position":"center center","background-size":"auto","background-attachment":"scroll","background-type":"","background-media":"","overlay-type":"","overlay-color":"","overlay-opacity":"","overlay-gradient":""}},"ast-content-background-meta":{"desktop":{"background-color":"var(--ast-global-color-4)","background-image":"","background-repeat":"repeat","background-position":"center center","background-size":"auto","background-attachment":"scroll","background-type":"","background-media":"","overlay-type":"","overlay-color":"","overlay-opacity":"","overlay-gradient":""},"tablet":{"background-color":"var(--ast-global-color-4)","background-image":"","background-repeat":"repeat","background-position":"center center","background-size":"auto","background-attachment":"scroll","background-type":"","background-media":"","overlay-type":"","overlay-color":"","overlay-opacity":"","overlay-gradient":""},"mobile":{"background-color":"var(--ast-global-color-4)","background-image":"","background-repeat":"repeat","background-position":"center center","background-size":"auto","background-attachment":"scroll","background-type":"","background-media":"","overlay-type":"","overlay-color":"","overlay-opacity":"","overlay-gradient":""}},"footnotes":""},"class_list":["post-111","page","type-page","status-publish","hentry"],"_links":{"self":[{"href":"https:\/\/ysdistribuidora.com\/index.php?rest_route=\/wp\/v2\/pages\/111","targetHints":{"allow":["GET"]}}],"collection":[{"href":"https:\/\/ysdistribuidora.com\/index.php?rest_route=\/wp\/v2\/pages"}],"about":[{"href":"https:\/\/ysdistribuidora.com\/index.php?rest_route=\/wp\/v2\/types\/page"}],"author":[{"embeddable":true,"href":"https:\/\/ysdistribuidora.com\/index.php?rest_route=\/wp\/v2\/users\/1"}],"replies":[{"embeddable":true,"href":"https:\/\/ysdistribuidora.com\/index.php?rest_route=%2Fwp%2Fv2%2Fcomments&post=111"}],"version-history":[{"count":2,"href":"https:\/\/ysdistribuidora.com\/index.php?rest_route=\/wp\/v2\/pages\/111\/revisions"}],"predecessor-version":[{"id":213,"href":"https:\/\/ysdistribuidora.com\/index.php?rest_route=\/wp\/v2\/pages\/111\/revisions\/213"}],"wp:attachment":[{"href":"https:\/\/ysdistribuidora.com\/index.php?rest_route=%2Fwp%2Fv2%2Fmedia&parent=111"}],"curies":[{"name":"wp","href":"https:\/\/api.w.org\/{rel}","templated":true}]}}